{"id":1760,"date":"2014-02-17T01:16:45","date_gmt":"2014-02-16T23:16:45","guid":{"rendered":"http:\/\/www.ah.sk\/kontakt-2\/"},"modified":"2023-02-02T13:22:14","modified_gmt":"2023-02-02T11:22:14","slug":"contacts","status":"publish","type":"page","link":"https:\/\/www.forfilm.sk\/en\/contacts\/","title":{"rendered":"Contacts"},"content":{"rendered":"<div class=\"fusion-fullwidth fullwidth-box fusion-builder-row-1 hundred-percent-fullwidth non-hundred-percent-height-scrolling\" style=\"--awb-border-radius-top-left:0px;--awb-border-radius-top-right:0px;--awb-border-radius-bottom-right:0px;--awb-border-radius-bottom-left:0px;--awb-overflow:visible;--awb-flex-wrap:wrap;\" ><div class=\"fusion-builder-row fusion-row\"><div class=\"fusion-layout-column fusion_builder_column fusion-builder-column-0 fusion_builder_column_1_2 1_2 fusion-one-half fusion-column-first\" style=\"--awb-bg-blend:overlay;--awb-bg-size:cover;width:50%;width:calc(50% - ( ( 4% ) * 0.5 ) );margin-right: 4%;\"><div class=\"fusion-column-wrapper fusion-flex-column-wrapper-legacy\"><div class=\"fusion-text fusion-text-1\"><\/div><div class=\"fusion-title title fusion-title-1 fusion-title-text fusion-title-size-three\" style=\"--awb-margin-top-small:10px;--awb-margin-right-small:0px;--awb-margin-bottom-small:10px;--awb-margin-left-small:0px;\"><h3 class=\"fusion-title-heading title-heading-left\" style=\"margin:0;\">For Film, s.r.o.<\/h3><span class=\"awb-title-spacer\"><\/span><div class=\"title-sep-container\"><div class=\"title-sep sep-double sep-solid\" style=\"border-color:#3e3e3e;\"><\/div><\/div><\/div><div class=\"fusion-text fusion-text-2\"><p><img decoding=\"async\" class=\"alignnone size-full wp-image-5806\" src=\"https:\/\/www.forfilm.sk\/wp-content\/uploads\/2023\/02\/Screenshot-2023-02-02-at-01.10.49.png\" alt=\"\" width=\"168\" height=\"18\" \/><br \/>\n+421 908786843<br \/>\nR\u00f6ntgenova 14,<br \/>\n851 01 Bratislava<br \/>\nSlovensk\u00e1 republika<\/p>\n<p>[ddownload id=&#8221;5751&#8243; text=&#8221;download logo For Film in PDF&#8221; style=&#8221;link&#8221; ]<\/p>\n<\/div><div class=\"fusion-clearfix\"><\/div><\/div><\/div><div class=\"fusion-layout-column fusion_builder_column fusion-builder-column-1 fusion_builder_column_1_2 1_2 fusion-one-half fusion-column-last\" style=\"--awb-bg-blend:overlay;--awb-bg-size:cover;width:50%;width:calc(50% - ( ( 4% ) * 0.5 ) );\"><div class=\"fusion-column-wrapper fusion-flex-column-wrapper-legacy\"><div class=\"fusion-title title fusion-title-2 fusion-title-text fusion-title-size-three\" style=\"--awb-margin-top-small:10px;--awb-margin-right-small:0px;--awb-margin-bottom-small:10px;--awb-margin-left-small:0px;\"><h3 class=\"fusion-title-heading title-heading-left\" style=\"margin:0;\">Invoice Data:<\/h3><span class=\"awb-title-spacer\"><\/span><div class=\"title-sep-container\"><div class=\"title-sep sep-double sep-solid\" style=\"border-color:#3e3e3e;\"><\/div><\/div><\/div><div class=\"fusion-text fusion-text-3\"><p><span style=\"line-height: 1.5;\">ID No: 47066857 \/ TAX No: 2023744052<\/span><\/p>\n<\/div><div class=\"fusion-text fusion-text-4\"><\/div><div class=\"fusion-clearfix\"><\/div><\/div><\/div><\/div><\/div>\n","protected":false},"excerpt":{"rendered":"","protected":false},"author":2,"featured_media":0,"parent":0,"menu_order":0,"comment_status":"open","ping_status":"open","template":"","meta":{"_bbp_topic_count":0,"_bbp_reply_count":0,"_bbp_total_topic_count":0,"_bbp_total_reply_count":0,"_bbp_voice_count":0,"_bbp_anonymous_reply_count":0,"_bbp_topic_count_hidden":0,"_bbp_reply_count_hidden":0,"_bbp_forum_subforum_count":0,"footnotes":""},"class_list":["post-1760","page","type-page","status-publish","hentry"],"yoast_head":"<!-- This site is optimized with the Yoast SEO plugin v27.4 - https:\/\/yoast.com\/product\/yoast-seo-wordpress\/ -->\n<title>For film s.r.o. - kontakt<\/title>\n<meta name=\"description\" content=\"AH production, s.r.o. je produk\u010dn\u00e1 spolo\u010dnos\u0165. Ak n\u00e1s chcete kontaktova\u0165, pou\u017eite pros\u00edm kontaktn\u00fd formul\u00e1r.\" \/>\n<meta name=\"robots\" content=\"index, follow, max-snippet:-1, max-image-preview:large, max-video-preview:-1\" \/>\n<link rel=\"canonical\" href=\"https:\/\/www.forfilm.sk\/en\/contacts\/\" \/>\n<meta property=\"og:locale\" content=\"en_US\" \/>\n<meta property=\"og:type\" content=\"article\" \/>\n<meta property=\"og:title\" content=\"For film s.r.o. - kontakt\" \/>\n<meta property=\"og:description\" content=\"AH production, s.r.o. je produk\u010dn\u00e1 spolo\u010dnos\u0165. Ak n\u00e1s chcete kontaktova\u0165, pou\u017eite pros\u00edm kontaktn\u00fd formul\u00e1r.\" \/>\n<meta property=\"og:url\" content=\"https:\/\/www.forfilm.sk\/en\/contacts\/\" \/>\n<meta property=\"og:site_name\" content=\"For Film s.r.o.\" \/>\n<meta property=\"article:modified_time\" content=\"2023-02-02T11:22:14+00:00\" \/>\n<meta property=\"og:image\" content=\"https:\/\/www.forfilm.sk\/wp-content\/uploads\/2023\/02\/Screenshot-2023-02-02-at-01.10.49.png\" \/>\n<meta name=\"twitter:label1\" content=\"Est. reading time\" \/>\n\t<meta name=\"twitter:data1\" content=\"1 minute\" \/>\n<script type=\"application\/ld+json\" class=\"yoast-schema-graph\">{\"@context\":\"https:\\\/\\\/schema.org\",\"@graph\":[{\"@type\":\"WebPage\",\"@id\":\"https:\\\/\\\/www.forfilm.sk\\\/en\\\/contacts\\\/\",\"url\":\"https:\\\/\\\/www.forfilm.sk\\\/en\\\/contacts\\\/\",\"name\":\"For film s.r.o. - kontakt\",\"isPartOf\":{\"@id\":\"https:\\\/\\\/www.forfilm.sk\\\/#website\"},\"primaryImageOfPage\":{\"@id\":\"https:\\\/\\\/www.forfilm.sk\\\/en\\\/contacts\\\/#primaryimage\"},\"image\":{\"@id\":\"https:\\\/\\\/www.forfilm.sk\\\/en\\\/contacts\\\/#primaryimage\"},\"thumbnailUrl\":\"https:\\\/\\\/www.forfilm.sk\\\/wp-content\\\/uploads\\\/2023\\\/02\\\/Screenshot-2023-02-02-at-01.10.49.png\",\"datePublished\":\"2014-02-16T23:16:45+00:00\",\"dateModified\":\"2023-02-02T11:22:14+00:00\",\"description\":\"AH production, s.r.o. je produk\u010dn\u00e1 spolo\u010dnos\u0165. Ak n\u00e1s chcete kontaktova\u0165, pou\u017eite pros\u00edm kontaktn\u00fd formul\u00e1r.\",\"breadcrumb\":{\"@id\":\"https:\\\/\\\/www.forfilm.sk\\\/en\\\/contacts\\\/#breadcrumb\"},\"inLanguage\":\"en-US\",\"potentialAction\":[{\"@type\":\"ReadAction\",\"target\":[\"https:\\\/\\\/www.forfilm.sk\\\/en\\\/contacts\\\/\"]}]},{\"@type\":\"ImageObject\",\"inLanguage\":\"en-US\",\"@id\":\"https:\\\/\\\/www.forfilm.sk\\\/en\\\/contacts\\\/#primaryimage\",\"url\":\"https:\\\/\\\/www.forfilm.sk\\\/wp-content\\\/uploads\\\/2023\\\/02\\\/Screenshot-2023-02-02-at-01.10.49.png\",\"contentUrl\":\"https:\\\/\\\/www.forfilm.sk\\\/wp-content\\\/uploads\\\/2023\\\/02\\\/Screenshot-2023-02-02-at-01.10.49.png\"},{\"@type\":\"BreadcrumbList\",\"@id\":\"https:\\\/\\\/www.forfilm.sk\\\/en\\\/contacts\\\/#breadcrumb\",\"itemListElement\":[{\"@type\":\"ListItem\",\"position\":1,\"name\":\"Home\",\"item\":\"https:\\\/\\\/www.forfilm.sk\\\/en\\\/\"},{\"@type\":\"ListItem\",\"position\":2,\"name\":\"Contacts\"}]},{\"@type\":\"WebSite\",\"@id\":\"https:\\\/\\\/www.forfilm.sk\\\/#website\",\"url\":\"https:\\\/\\\/www.forfilm.sk\\\/\",\"name\":\"For Film s.r.o.\",\"description\":\"M\u00e1me radi film\",\"potentialAction\":[{\"@type\":\"SearchAction\",\"target\":{\"@type\":\"EntryPoint\",\"urlTemplate\":\"https:\\\/\\\/www.forfilm.sk\\\/?s={search_term_string}\"},\"query-input\":{\"@type\":\"PropertyValueSpecification\",\"valueRequired\":true,\"valueName\":\"search_term_string\"}}],\"inLanguage\":\"en-US\"}]}<\/script>\n<!-- \/ Yoast SEO plugin. -->","yoast_head_json":{"title":"For film s.r.o. - kontakt","description":"AH production, s.r.o. je produk\u010dn\u00e1 spolo\u010dnos\u0165. Ak n\u00e1s chcete kontaktova\u0165, pou\u017eite pros\u00edm kontaktn\u00fd formul\u00e1r.","robots":{"index":"index","follow":"follow","max-snippet":"max-snippet:-1","max-image-preview":"max-image-preview:large","max-video-preview":"max-video-preview:-1"},"canonical":"https:\/\/www.forfilm.sk\/en\/contacts\/","og_locale":"en_US","og_type":"article","og_title":"For film s.r.o. - kontakt","og_description":"AH production, s.r.o. je produk\u010dn\u00e1 spolo\u010dnos\u0165. Ak n\u00e1s chcete kontaktova\u0165, pou\u017eite pros\u00edm kontaktn\u00fd formul\u00e1r.","og_url":"https:\/\/www.forfilm.sk\/en\/contacts\/","og_site_name":"For Film s.r.o.","article_modified_time":"2023-02-02T11:22:14+00:00","og_image":[{"url":"https:\/\/www.forfilm.sk\/wp-content\/uploads\/2023\/02\/Screenshot-2023-02-02-at-01.10.49.png","type":"","width":"","height":""}],"twitter_misc":{"Est. reading time":"1 minute"},"schema":{"@context":"https:\/\/schema.org","@graph":[{"@type":"WebPage","@id":"https:\/\/www.forfilm.sk\/en\/contacts\/","url":"https:\/\/www.forfilm.sk\/en\/contacts\/","name":"For film s.r.o. - kontakt","isPartOf":{"@id":"https:\/\/www.forfilm.sk\/#website"},"primaryImageOfPage":{"@id":"https:\/\/www.forfilm.sk\/en\/contacts\/#primaryimage"},"image":{"@id":"https:\/\/www.forfilm.sk\/en\/contacts\/#primaryimage"},"thumbnailUrl":"https:\/\/www.forfilm.sk\/wp-content\/uploads\/2023\/02\/Screenshot-2023-02-02-at-01.10.49.png","datePublished":"2014-02-16T23:16:45+00:00","dateModified":"2023-02-02T11:22:14+00:00","description":"AH production, s.r.o. je produk\u010dn\u00e1 spolo\u010dnos\u0165. Ak n\u00e1s chcete kontaktova\u0165, pou\u017eite pros\u00edm kontaktn\u00fd formul\u00e1r.","breadcrumb":{"@id":"https:\/\/www.forfilm.sk\/en\/contacts\/#breadcrumb"},"inLanguage":"en-US","potentialAction":[{"@type":"ReadAction","target":["https:\/\/www.forfilm.sk\/en\/contacts\/"]}]},{"@type":"ImageObject","inLanguage":"en-US","@id":"https:\/\/www.forfilm.sk\/en\/contacts\/#primaryimage","url":"https:\/\/www.forfilm.sk\/wp-content\/uploads\/2023\/02\/Screenshot-2023-02-02-at-01.10.49.png","contentUrl":"https:\/\/www.forfilm.sk\/wp-content\/uploads\/2023\/02\/Screenshot-2023-02-02-at-01.10.49.png"},{"@type":"BreadcrumbList","@id":"https:\/\/www.forfilm.sk\/en\/contacts\/#breadcrumb","itemListElement":[{"@type":"ListItem","position":1,"name":"Home","item":"https:\/\/www.forfilm.sk\/en\/"},{"@type":"ListItem","position":2,"name":"Contacts"}]},{"@type":"WebSite","@id":"https:\/\/www.forfilm.sk\/#website","url":"https:\/\/www.forfilm.sk\/","name":"For Film s.r.o.","description":"M\u00e1me radi film","potentialAction":[{"@type":"SearchAction","target":{"@type":"EntryPoint","urlTemplate":"https:\/\/www.forfilm.sk\/?s={search_term_string}"},"query-input":{"@type":"PropertyValueSpecification","valueRequired":true,"valueName":"search_term_string"}}],"inLanguage":"en-US"}]}},"_links":{"self":[{"href":"https:\/\/www.forfilm.sk\/en\/wp-json\/wp\/v2\/pages\/1760","targetHints":{"allow":["GET"]}}],"collection":[{"href":"https:\/\/www.forfilm.sk\/en\/wp-json\/wp\/v2\/pages"}],"about":[{"href":"https:\/\/www.forfilm.sk\/en\/wp-json\/wp\/v2\/types\/page"}],"author":[{"embeddable":true,"href":"https:\/\/www.forfilm.sk\/en\/wp-json\/wp\/v2\/users\/2"}],"replies":[{"embeddable":true,"href":"https:\/\/www.forfilm.sk\/en\/wp-json\/wp\/v2\/comments?post=1760"}],"version-history":[{"count":4,"href":"https:\/\/www.forfilm.sk\/en\/wp-json\/wp\/v2\/pages\/1760\/revisions"}],"predecessor-version":[{"id":5809,"href":"https:\/\/www.forfilm.sk\/en\/wp-json\/wp\/v2\/pages\/1760\/revisions\/5809"}],"wp:attachment":[{"href":"https:\/\/www.forfilm.sk\/en\/wp-json\/wp\/v2\/media?parent=1760"}],"curies":[{"name":"wp","href":"https:\/\/api.w.org\/{rel}","templated":true}]}}