{"id":1763,"date":"2013-11-04T00:16:35","date_gmt":"2013-11-03T22:16:35","guid":{"rendered":"http:\/\/www.ah.sk\/uvod-2\/"},"modified":"2023-02-02T13:20:31","modified_gmt":"2023-02-02T11:20:31","slug":"uvod","status":"publish","type":"page","link":"https:\/\/www.forfilm.sk\/en\/","title":{"rendered":"Main page"},"content":{"rendered":"<div class=\"fusion-fullwidth fullwidth-box fusion-builder-row-1 hundred-percent-fullwidth non-hundred-percent-height-scrolling\" style=\"--awb-border-radius-top-left:0px;--awb-border-radius-top-right:0px;--awb-border-radius-bottom-right:0px;--awb-border-radius-bottom-left:0px;--awb-overflow:visible;--awb-flex-wrap:wrap;\" ><div class=\"fusion-builder-row fusion-row\"><div class=\"fusion-layout-column fusion_builder_column fusion-builder-column-0 fusion_builder_column_1_1 1_1 fusion-one-full fusion-column-first fusion-column-last fusion-column-no-min-height\" style=\"--awb-bg-blend:overlay;--awb-bg-size:cover;--awb-margin-bottom:0px;\"><div class=\"fusion-column-wrapper fusion-flex-column-wrapper-legacy\"><div class=\"fusion-title title fusion-title-1 fusion-title-text fusion-title-size-one\" style=\"--awb-margin-top-small:10px;--awb-margin-right-small:0px;--awb-margin-bottom-small:10px;--awb-margin-left-small:0px;\"><h1 class=\"fusion-title-heading title-heading-left\" style=\"margin:0;\">We love film.<\/h1><span class=\"awb-title-spacer\"><\/span><div class=\"title-sep-container\"><div class=\"title-sep sep-double sep-solid\" style=\"border-color:#3e3e3e;\"><\/div><\/div><\/div><div class=\"fusion-text fusion-text-1\"><\/div><div class=\"fusion-clearfix\"><\/div><\/div><\/div><\/div><\/div>\n","protected":false},"excerpt":{"rendered":"","protected":false},"author":2,"featured_media":0,"parent":0,"menu_order":0,"comment_status":"open","ping_status":"open","template":"","meta":{"_bbp_topic_count":0,"_bbp_reply_count":0,"_bbp_total_topic_count":0,"_bbp_total_reply_count":0,"_bbp_voice_count":0,"_bbp_anonymous_reply_count":0,"_bbp_topic_count_hidden":0,"_bbp_reply_count_hidden":0,"_bbp_forum_subforum_count":0,"footnotes":""},"class_list":["post-1763","page","type-page","status-publish","hentry"],"yoast_head":"<!-- This site is optimized with the Yoast SEO plugin v27.5 - https:\/\/yoast.com\/product\/yoast-seo-wordpress\/ -->\n<title>For film s.r.o. - film production company<\/title>\n<meta name=\"description\" content=\"AH production vyv\u00edja a produkuje nieko\u013eko celove\u010dern\u00fdch hran\u00fdch a dokument\u00e1rnych filmov a spolupracuje pri v\u00fdrobe viacer\u00fdch telev\u00edznych rel\u00e1ci\u00ed.\" \/>\n<meta name=\"robots\" content=\"index, follow, max-snippet:-1, max-image-preview:large, max-video-preview:-1\" \/>\n<link rel=\"canonical\" href=\"https:\/\/www.forfilm.sk\/en\/\" \/>\n<meta property=\"og:locale\" content=\"en_US\" \/>\n<meta property=\"og:type\" content=\"article\" \/>\n<meta property=\"og:title\" content=\"For film s.r.o. - film production company\" \/>\n<meta property=\"og:description\" content=\"AH production vyv\u00edja a produkuje nieko\u013eko celove\u010dern\u00fdch hran\u00fdch a dokument\u00e1rnych filmov a spolupracuje pri v\u00fdrobe viacer\u00fdch telev\u00edznych rel\u00e1ci\u00ed.\" \/>\n<meta property=\"og:url\" content=\"https:\/\/www.forfilm.sk\/en\/\" \/>\n<meta property=\"og:site_name\" content=\"For Film s.r.o.\" \/>\n<meta property=\"article:modified_time\" content=\"2023-02-02T11:20:31+00:00\" \/>\n<meta name=\"twitter:label1\" content=\"Est. reading time\" \/>\n\t<meta name=\"twitter:data1\" content=\"1 minute\" \/>\n<script type=\"application\/ld+json\" class=\"yoast-schema-graph\">{\"@context\":\"https:\\\/\\\/schema.org\",\"@graph\":[{\"@type\":\"WebPage\",\"@id\":\"https:\\\/\\\/www.forfilm.sk\\\/en\\\/\",\"url\":\"https:\\\/\\\/www.forfilm.sk\\\/en\\\/\",\"name\":\"For film s.r.o. - film production company\",\"isPartOf\":{\"@id\":\"https:\\\/\\\/www.forfilm.sk\\\/#website\"},\"datePublished\":\"2013-11-03T22:16:35+00:00\",\"dateModified\":\"2023-02-02T11:20:31+00:00\",\"description\":\"AH production vyv\u00edja a produkuje nieko\u013eko celove\u010dern\u00fdch hran\u00fdch a dokument\u00e1rnych filmov a spolupracuje pri v\u00fdrobe viacer\u00fdch telev\u00edznych rel\u00e1ci\u00ed.\",\"breadcrumb\":{\"@id\":\"https:\\\/\\\/www.forfilm.sk\\\/en\\\/#breadcrumb\"},\"inLanguage\":\"en-US\",\"potentialAction\":[{\"@type\":\"ReadAction\",\"target\":[\"https:\\\/\\\/www.forfilm.sk\\\/en\\\/\"]}]},{\"@type\":\"BreadcrumbList\",\"@id\":\"https:\\\/\\\/www.forfilm.sk\\\/en\\\/#breadcrumb\",\"itemListElement\":[{\"@type\":\"ListItem\",\"position\":1,\"name\":\"Home\",\"item\":\"https:\\\/\\\/www.forfilm.sk\\\/en\\\/\"},{\"@type\":\"ListItem\",\"position\":2,\"name\":\"Main page\"}]},{\"@type\":\"WebSite\",\"@id\":\"https:\\\/\\\/www.forfilm.sk\\\/#website\",\"url\":\"https:\\\/\\\/www.forfilm.sk\\\/\",\"name\":\"For Film s.r.o.\",\"description\":\"M\u00e1me radi film\",\"potentialAction\":[{\"@type\":\"SearchAction\",\"target\":{\"@type\":\"EntryPoint\",\"urlTemplate\":\"https:\\\/\\\/www.forfilm.sk\\\/?s={search_term_string}\"},\"query-input\":{\"@type\":\"PropertyValueSpecification\",\"valueRequired\":true,\"valueName\":\"search_term_string\"}}],\"inLanguage\":\"en-US\"}]}<\/script>\n<!-- \/ Yoast SEO plugin. -->","yoast_head_json":{"title":"For film s.r.o. - film production company","description":"AH production vyv\u00edja a produkuje nieko\u013eko celove\u010dern\u00fdch hran\u00fdch a dokument\u00e1rnych filmov a spolupracuje pri v\u00fdrobe viacer\u00fdch telev\u00edznych rel\u00e1ci\u00ed.","robots":{"index":"index","follow":"follow","max-snippet":"max-snippet:-1","max-image-preview":"max-image-preview:large","max-video-preview":"max-video-preview:-1"},"canonical":"https:\/\/www.forfilm.sk\/en\/","og_locale":"en_US","og_type":"article","og_title":"For film s.r.o. - film production company","og_description":"AH production vyv\u00edja a produkuje nieko\u013eko celove\u010dern\u00fdch hran\u00fdch a dokument\u00e1rnych filmov a spolupracuje pri v\u00fdrobe viacer\u00fdch telev\u00edznych rel\u00e1ci\u00ed.","og_url":"https:\/\/www.forfilm.sk\/en\/","og_site_name":"For Film s.r.o.","article_modified_time":"2023-02-02T11:20:31+00:00","twitter_misc":{"Est. reading time":"1 minute"},"schema":{"@context":"https:\/\/schema.org","@graph":[{"@type":"WebPage","@id":"https:\/\/www.forfilm.sk\/en\/","url":"https:\/\/www.forfilm.sk\/en\/","name":"For film s.r.o. - film production company","isPartOf":{"@id":"https:\/\/www.forfilm.sk\/#website"},"datePublished":"2013-11-03T22:16:35+00:00","dateModified":"2023-02-02T11:20:31+00:00","description":"AH production vyv\u00edja a produkuje nieko\u013eko celove\u010dern\u00fdch hran\u00fdch a dokument\u00e1rnych filmov a spolupracuje pri v\u00fdrobe viacer\u00fdch telev\u00edznych rel\u00e1ci\u00ed.","breadcrumb":{"@id":"https:\/\/www.forfilm.sk\/en\/#breadcrumb"},"inLanguage":"en-US","potentialAction":[{"@type":"ReadAction","target":["https:\/\/www.forfilm.sk\/en\/"]}]},{"@type":"BreadcrumbList","@id":"https:\/\/www.forfilm.sk\/en\/#breadcrumb","itemListElement":[{"@type":"ListItem","position":1,"name":"Home","item":"https:\/\/www.forfilm.sk\/en\/"},{"@type":"ListItem","position":2,"name":"Main page"}]},{"@type":"WebSite","@id":"https:\/\/www.forfilm.sk\/#website","url":"https:\/\/www.forfilm.sk\/","name":"For Film s.r.o.","description":"M\u00e1me radi film","potentialAction":[{"@type":"SearchAction","target":{"@type":"EntryPoint","urlTemplate":"https:\/\/www.forfilm.sk\/?s={search_term_string}"},"query-input":{"@type":"PropertyValueSpecification","valueRequired":true,"valueName":"search_term_string"}}],"inLanguage":"en-US"}]}},"_links":{"self":[{"href":"https:\/\/www.forfilm.sk\/en\/wp-json\/wp\/v2\/pages\/1763","targetHints":{"allow":["GET"]}}],"collection":[{"href":"https:\/\/www.forfilm.sk\/en\/wp-json\/wp\/v2\/pages"}],"about":[{"href":"https:\/\/www.forfilm.sk\/en\/wp-json\/wp\/v2\/types\/page"}],"author":[{"embeddable":true,"href":"https:\/\/www.forfilm.sk\/en\/wp-json\/wp\/v2\/users\/2"}],"replies":[{"embeddable":true,"href":"https:\/\/www.forfilm.sk\/en\/wp-json\/wp\/v2\/comments?post=1763"}],"version-history":[{"count":3,"href":"https:\/\/www.forfilm.sk\/en\/wp-json\/wp\/v2\/pages\/1763\/revisions"}],"predecessor-version":[{"id":5836,"href":"https:\/\/www.forfilm.sk\/en\/wp-json\/wp\/v2\/pages\/1763\/revisions\/5836"}],"wp:attachment":[{"href":"https:\/\/www.forfilm.sk\/en\/wp-json\/wp\/v2\/media?parent=1763"}],"curies":[{"name":"wp","href":"https:\/\/api.w.org\/{rel}","templated":true}]}}