{"id":1765,"date":"2014-02-24T15:24:29","date_gmt":"2014-02-24T13:24:29","guid":{"rendered":"http:\/\/www.ah.sk\/projekty\/spolupraca\/"},"modified":"2023-02-02T13:22:32","modified_gmt":"2023-02-02T11:22:32","slug":"cooperation","status":"publish","type":"page","link":"https:\/\/www.forfilm.sk\/en\/projects\/cooperation\/","title":{"rendered":"Cooperation"},"content":{"rendered":"<div class=\"fusion-fullwidth fullwidth-box fusion-builder-row-1 hundred-percent-fullwidth non-hundred-percent-height-scrolling\" style=\"--awb-border-radius-top-left:0px;--awb-border-radius-top-right:0px;--awb-border-radius-bottom-right:0px;--awb-border-radius-bottom-left:0px;--awb-overflow:visible;--awb-flex-wrap:wrap;\" ><div class=\"fusion-builder-row fusion-row\"><div class=\"fusion-layout-column fusion_builder_column fusion-builder-column-0 fusion_builder_column_1_1 1_1 fusion-one-full fusion-column-first fusion-column-last fusion-column-no-min-height\" style=\"--awb-bg-size:cover;--awb-margin-bottom:0px;\"><div class=\"fusion-column-wrapper fusion-flex-column-wrapper-legacy\"><div class=\"fusion-recent-works fusion-portfolio-element fusion-portfolio fusion-portfolio-1 fusion-portfolio-grid fusion-portfolio-paging-infinite fusion-portfolio-three fusion-portfolio-no_text fusion-animated\" data-id=\"-rw-1\" data-columns=\"three\" data-animationType=\"fadeInDown\" data-animationDuration=\"0.7\" data-animationOffset=\"top-into-view\"><style type=\"text\/css\">.fusion-portfolio-1 .fusion-portfolio-wrapper .fusion-col-spacing{padding:6px;}<\/style><div class=\"fusion-portfolio-wrapper\" id=\"fusion-portfolio-1\" data-picturesize=\"fixed\" data-pages=\"1\" style=\"margin:-6px;\"><article id=\"portfolio-1-post-1847\" class=\"fusion-portfolio-post films cooperation-en-en fusion-col-spacing post-1847\"><div class=\"fusion-portfolio-content-wrapper\" style=\"border:none;\"><span class=\"entry-title rich-snippet-hidden\">Ve\u013ek\u00fd re\u0161pekt<\/span><span class=\"vcard rich-snippet-hidden\"><span class=\"fn\"><a href=\"https:\/\/www.forfilm.sk\/en\/author\/peterharum\/\" title=\"Posts by Peter Harum\" rel=\"author\">Peter Harum<\/a><\/span><\/span><span class=\"updated rich-snippet-hidden\">2016-10-16T01:03:25+02:00<\/span><div  class=\"fusion-image-wrapper fusion-image-size-fixed\" aria-haspopup=\"true\">\n\t\t\t\t\t\t\t<a href=\"https:\/\/www.forfilm.sk\/en\/projekt\/velky-respekt\/?portfolioCats=17%2C18%2C19\" aria-label=\"Ve\u013ek\u00fd re\u0161pekt\">\n\t\t\t\t\t\t\t<img decoding=\"async\" width=\"300\" height=\"214\" src=\"https:\/\/www.forfilm.sk\/wp-content\/uploads\/2013\/04\/velky-respekt-web-300x214.jpg\" class=\"attachment-portfolio-three size-portfolio-three wp-post-image\" alt=\"\" srcset=\"https:\/\/www.forfilm.sk\/wp-content\/uploads\/2013\/04\/velky-respekt-web-300x214.jpg 300w, https:\/\/www.forfilm.sk\/wp-content\/uploads\/2013\/04\/velky-respekt-web-300x214@2x.jpg 600w\" sizes=\"(max-width: 300px) 100vw, 300px\" \/>\t\t\t<\/a>\n\t\t\t\t\t\t\t<\/div>\n<\/div><\/article><article id=\"portfolio-1-post-22\" class=\"fusion-portfolio-post films cooperation-en-en fusion-col-spacing post-22\"><div class=\"fusion-portfolio-content-wrapper\" style=\"border:none;\"><span class=\"entry-title rich-snippet-hidden\">Arsy-Versy<\/span><span class=\"vcard rich-snippet-hidden\"><span class=\"fn\"><a href=\"https:\/\/www.forfilm.sk\/en\/author\/peterharum\/\" title=\"Posts by Peter Harum\" rel=\"author\">Peter Harum<\/a><\/span><\/span><span class=\"updated rich-snippet-hidden\">2023-10-09T01:35:23+02:00<\/span><div  class=\"fusion-image-wrapper fusion-image-size-fixed\" aria-haspopup=\"true\">\n\t\t\t\t\t\t\t<a href=\"https:\/\/www.forfilm.sk\/en\/projekt\/arsy-versy\/?portfolioCats=17%2C18%2C19\" aria-label=\"Arsy-Versy\">\n\t\t\t\t\t\t\t<img decoding=\"async\" width=\"300\" height=\"214\" src=\"https:\/\/www.forfilm.sk\/wp-content\/uploads\/2013\/03\/arsyversy-web-hd-300x214.jpg\" class=\"attachment-portfolio-three size-portfolio-three wp-post-image\" alt=\"Arsy Versy\" srcset=\"https:\/\/www.forfilm.sk\/wp-content\/uploads\/2013\/03\/arsyversy-web-hd-300x214.jpg 300w, https:\/\/www.forfilm.sk\/wp-content\/uploads\/2013\/03\/arsyversy-web-hd-300x214@2x.jpg 600w\" sizes=\"(max-width: 300px) 100vw, 300px\" \/>\t\t\t<\/a>\n\t\t\t\t\t\t\t<\/div>\n<\/div><\/article><article id=\"portfolio-1-post-1757\" class=\"fusion-portfolio-post tv-series cooperation-en-en fusion-col-spacing post-1757\"><div class=\"fusion-portfolio-content-wrapper\" style=\"border:none;\"><span class=\"entry-title rich-snippet-hidden\">\u00c1no, \u0161\u00e9fe!<\/span><span class=\"vcard rich-snippet-hidden\"><span class=\"fn\"><a href=\"https:\/\/www.forfilm.sk\/en\/author\/peterharum\/\" title=\"Posts by Peter Harum\" rel=\"author\">Peter Harum<\/a><\/span><\/span><span class=\"updated rich-snippet-hidden\">2023-11-27T10:34:21+02:00<\/span><div  class=\"fusion-image-wrapper fusion-image-size-fixed\" aria-haspopup=\"true\">\n\t\t\t\t\t\t\t<a href=\"https:\/\/www.forfilm.sk\/en\/projekt\/ano-sefe\/?portfolioCats=17%2C18%2C19\" aria-label=\"\u00c1no, \u0161\u00e9fe!\">\n\t\t\t\t\t\t\t<img decoding=\"async\" width=\"300\" height=\"214\" src=\"https:\/\/www.forfilm.sk\/wp-content\/uploads\/2013\/03\/anosefe-web-300x214.jpg\" class=\"attachment-portfolio-three size-portfolio-three wp-post-image\" alt=\"\" srcset=\"https:\/\/www.forfilm.sk\/wp-content\/uploads\/2013\/03\/anosefe-web-300x214.jpg 300w, https:\/\/www.forfilm.sk\/wp-content\/uploads\/2013\/03\/anosefe-web-300x214@2x.jpg 600w\" sizes=\"(max-width: 300px) 100vw, 300px\" \/>\t\t\t<\/a>\n\t\t\t\t\t\t\t<\/div>\n<\/div><\/article><article id=\"portfolio-1-post-1844\" class=\"fusion-portfolio-post films cooperation-en-en fusion-col-spacing post-1844\"><div class=\"fusion-portfolio-content-wrapper\" style=\"border:none;\"><span class=\"entry-title rich-snippet-hidden\">Pohoda 2010<\/span><span class=\"vcard rich-snippet-hidden\"><span class=\"fn\"><a href=\"https:\/\/www.forfilm.sk\/en\/author\/peterharum\/\" title=\"Posts by Peter Harum\" rel=\"author\">Peter Harum<\/a><\/span><\/span><span class=\"updated rich-snippet-hidden\">2016-10-16T00:58:22+02:00<\/span><div  class=\"fusion-image-wrapper fusion-image-size-fixed\" aria-haspopup=\"true\">\n\t\t\t\t\t\t\t<a href=\"https:\/\/www.forfilm.sk\/en\/projekt\/pohoda-2010\/?portfolioCats=17%2C18%2C19\" aria-label=\"Pohoda 2010\">\n\t\t\t\t\t\t\t<img decoding=\"async\" width=\"300\" height=\"214\" src=\"https:\/\/www.forfilm.sk\/wp-content\/uploads\/2013\/04\/pohoda-2010-300x214.jpg\" class=\"attachment-portfolio-three size-portfolio-three wp-post-image\" alt=\"\" srcset=\"https:\/\/www.forfilm.sk\/wp-content\/uploads\/2013\/04\/pohoda-2010-300x214.jpg 300w, https:\/\/www.forfilm.sk\/wp-content\/uploads\/2013\/04\/pohoda-2010-300x214@2x.jpg 600w\" sizes=\"(max-width: 300px) 100vw, 300px\" \/>\t\t\t<\/a>\n\t\t\t\t\t\t\t<\/div>\n<\/div><\/article><\/div><\/div><div class=\"fusion-clearfix\"><\/div><\/div><\/div><\/div><\/div>\n","protected":false},"excerpt":{"rendered":"","protected":false},"author":2,"featured_media":0,"parent":65,"menu_order":0,"comment_status":"open","ping_status":"open","template":"","meta":{"_bbp_topic_count":0,"_bbp_reply_count":0,"_bbp_total_topic_count":0,"_bbp_total_reply_count":0,"_bbp_voice_count":0,"_bbp_anonymous_reply_count":0,"_bbp_topic_count_hidden":0,"_bbp_reply_count_hidden":0,"_bbp_forum_subforum_count":0,"footnotes":""},"class_list":["post-1765","page","type-page","status-publish","hentry"],"yoast_head":"<!-- This site is optimized with the Yoast SEO plugin v27.5 - https:\/\/yoast.com\/product\/yoast-seo-wordpress\/ -->\n<title>For film s.r.o. - spolupr\u00e1ca na projektoch<\/title>\n<meta name=\"description\" content=\"Na\u0161e spolupr\u00e1ce na filmoch, telev\u00edznych rel\u00e1ci\u00e1ch a komercii.\" \/>\n<meta name=\"robots\" content=\"index, follow, max-snippet:-1, max-image-preview:large, max-video-preview:-1\" \/>\n<link rel=\"canonical\" href=\"https:\/\/www.forfilm.sk\/en\/projects\/cooperation\/\" \/>\n<meta property=\"og:locale\" content=\"en_US\" \/>\n<meta property=\"og:type\" content=\"article\" \/>\n<meta property=\"og:title\" content=\"For film s.r.o. - spolupr\u00e1ca na projektoch\" \/>\n<meta property=\"og:description\" content=\"Na\u0161e spolupr\u00e1ce na filmoch, telev\u00edznych rel\u00e1ci\u00e1ch a komercii.\" \/>\n<meta property=\"og:url\" content=\"https:\/\/www.forfilm.sk\/en\/projects\/cooperation\/\" \/>\n<meta property=\"og:site_name\" content=\"For Film s.r.o.\" \/>\n<meta property=\"article:modified_time\" content=\"2023-02-02T11:22:32+00:00\" \/>\n<meta name=\"twitter:label1\" content=\"Est. reading time\" \/>\n\t<meta name=\"twitter:data1\" content=\"1 minute\" \/>\n<script type=\"application\/ld+json\" class=\"yoast-schema-graph\">{\"@context\":\"https:\\\/\\\/schema.org\",\"@graph\":[{\"@type\":\"WebPage\",\"@id\":\"https:\\\/\\\/www.forfilm.sk\\\/en\\\/projects\\\/cooperation\\\/\",\"url\":\"https:\\\/\\\/www.forfilm.sk\\\/en\\\/projects\\\/cooperation\\\/\",\"name\":\"For film s.r.o. - spolupr\u00e1ca na projektoch\",\"isPartOf\":{\"@id\":\"https:\\\/\\\/www.forfilm.sk\\\/#website\"},\"datePublished\":\"2014-02-24T13:24:29+00:00\",\"dateModified\":\"2023-02-02T11:22:32+00:00\",\"description\":\"Na\u0161e spolupr\u00e1ce na filmoch, telev\u00edznych rel\u00e1ci\u00e1ch a komercii.\",\"breadcrumb\":{\"@id\":\"https:\\\/\\\/www.forfilm.sk\\\/en\\\/projects\\\/cooperation\\\/#breadcrumb\"},\"inLanguage\":\"en-US\",\"potentialAction\":[{\"@type\":\"ReadAction\",\"target\":[\"https:\\\/\\\/www.forfilm.sk\\\/en\\\/projects\\\/cooperation\\\/\"]}]},{\"@type\":\"BreadcrumbList\",\"@id\":\"https:\\\/\\\/www.forfilm.sk\\\/en\\\/projects\\\/cooperation\\\/#breadcrumb\",\"itemListElement\":[{\"@type\":\"ListItem\",\"position\":1,\"name\":\"Home\",\"item\":\"https:\\\/\\\/www.forfilm.sk\\\/en\\\/\"},{\"@type\":\"ListItem\",\"position\":2,\"name\":\"Projects\",\"item\":\"https:\\\/\\\/www.forfilm.sk\\\/en\\\/projects\\\/\"},{\"@type\":\"ListItem\",\"position\":3,\"name\":\"Cooperation\"}]},{\"@type\":\"WebSite\",\"@id\":\"https:\\\/\\\/www.forfilm.sk\\\/#website\",\"url\":\"https:\\\/\\\/www.forfilm.sk\\\/\",\"name\":\"For Film s.r.o.\",\"description\":\"M\u00e1me radi film\",\"potentialAction\":[{\"@type\":\"SearchAction\",\"target\":{\"@type\":\"EntryPoint\",\"urlTemplate\":\"https:\\\/\\\/www.forfilm.sk\\\/?s={search_term_string}\"},\"query-input\":{\"@type\":\"PropertyValueSpecification\",\"valueRequired\":true,\"valueName\":\"search_term_string\"}}],\"inLanguage\":\"en-US\"}]}<\/script>\n<!-- \/ Yoast SEO plugin. -->","yoast_head_json":{"title":"For film s.r.o. - spolupr\u00e1ca na projektoch","description":"Na\u0161e spolupr\u00e1ce na filmoch, telev\u00edznych rel\u00e1ci\u00e1ch a komercii.","robots":{"index":"index","follow":"follow","max-snippet":"max-snippet:-1","max-image-preview":"max-image-preview:large","max-video-preview":"max-video-preview:-1"},"canonical":"https:\/\/www.forfilm.sk\/en\/projects\/cooperation\/","og_locale":"en_US","og_type":"article","og_title":"For film s.r.o. - spolupr\u00e1ca na projektoch","og_description":"Na\u0161e spolupr\u00e1ce na filmoch, telev\u00edznych rel\u00e1ci\u00e1ch a komercii.","og_url":"https:\/\/www.forfilm.sk\/en\/projects\/cooperation\/","og_site_name":"For Film s.r.o.","article_modified_time":"2023-02-02T11:22:32+00:00","twitter_misc":{"Est. reading time":"1 minute"},"schema":{"@context":"https:\/\/schema.org","@graph":[{"@type":"WebPage","@id":"https:\/\/www.forfilm.sk\/en\/projects\/cooperation\/","url":"https:\/\/www.forfilm.sk\/en\/projects\/cooperation\/","name":"For film s.r.o. - spolupr\u00e1ca na projektoch","isPartOf":{"@id":"https:\/\/www.forfilm.sk\/#website"},"datePublished":"2014-02-24T13:24:29+00:00","dateModified":"2023-02-02T11:22:32+00:00","description":"Na\u0161e spolupr\u00e1ce na filmoch, telev\u00edznych rel\u00e1ci\u00e1ch a komercii.","breadcrumb":{"@id":"https:\/\/www.forfilm.sk\/en\/projects\/cooperation\/#breadcrumb"},"inLanguage":"en-US","potentialAction":[{"@type":"ReadAction","target":["https:\/\/www.forfilm.sk\/en\/projects\/cooperation\/"]}]},{"@type":"BreadcrumbList","@id":"https:\/\/www.forfilm.sk\/en\/projects\/cooperation\/#breadcrumb","itemListElement":[{"@type":"ListItem","position":1,"name":"Home","item":"https:\/\/www.forfilm.sk\/en\/"},{"@type":"ListItem","position":2,"name":"Projects","item":"https:\/\/www.forfilm.sk\/en\/projects\/"},{"@type":"ListItem","position":3,"name":"Cooperation"}]},{"@type":"WebSite","@id":"https:\/\/www.forfilm.sk\/#website","url":"https:\/\/www.forfilm.sk\/","name":"For Film s.r.o.","description":"M\u00e1me radi film","potentialAction":[{"@type":"SearchAction","target":{"@type":"EntryPoint","urlTemplate":"https:\/\/www.forfilm.sk\/?s={search_term_string}"},"query-input":{"@type":"PropertyValueSpecification","valueRequired":true,"valueName":"search_term_string"}}],"inLanguage":"en-US"}]}},"_links":{"self":[{"href":"https:\/\/www.forfilm.sk\/en\/wp-json\/wp\/v2\/pages\/1765","targetHints":{"allow":["GET"]}}],"collection":[{"href":"https:\/\/www.forfilm.sk\/en\/wp-json\/wp\/v2\/pages"}],"about":[{"href":"https:\/\/www.forfilm.sk\/en\/wp-json\/wp\/v2\/types\/page"}],"author":[{"embeddable":true,"href":"https:\/\/www.forfilm.sk\/en\/wp-json\/wp\/v2\/users\/2"}],"replies":[{"embeddable":true,"href":"https:\/\/www.forfilm.sk\/en\/wp-json\/wp\/v2\/comments?post=1765"}],"version-history":[{"count":1,"href":"https:\/\/www.forfilm.sk\/en\/wp-json\/wp\/v2\/pages\/1765\/revisions"}],"predecessor-version":[{"id":5838,"href":"https:\/\/www.forfilm.sk\/en\/wp-json\/wp\/v2\/pages\/1765\/revisions\/5838"}],"up":[{"embeddable":true,"href":"https:\/\/www.forfilm.sk\/en\/wp-json\/wp\/v2\/pages\/65"}],"wp:attachment":[{"href":"https:\/\/www.forfilm.sk\/en\/wp-json\/wp\/v2\/media?parent=1765"}],"curies":[{"name":"wp","href":"https:\/\/api.w.org\/{rel}","templated":true}]}}