{"id":1766,"date":"2014-02-24T15:23:42","date_gmt":"2014-02-24T13:23:42","guid":{"rendered":"http:\/\/www.ah.sk\/projekty\/z-nasej-produkcie\/"},"modified":"2023-02-02T13:22:42","modified_gmt":"2023-02-02T11:22:42","slug":"our-production","status":"publish","type":"page","link":"https:\/\/www.forfilm.sk\/en\/projects\/our-production\/","title":{"rendered":"Our production"},"content":{"rendered":"<div class=\"fusion-fullwidth fullwidth-box fusion-builder-row-1 hundred-percent-fullwidth non-hundred-percent-height-scrolling\" style=\"--awb-border-radius-top-left:0px;--awb-border-radius-top-right:0px;--awb-border-radius-bottom-right:0px;--awb-border-radius-bottom-left:0px;--awb-overflow:visible;--awb-flex-wrap:wrap;\" ><div class=\"fusion-builder-row fusion-row\"><div class=\"fusion-layout-column fusion_builder_column fusion-builder-column-0 fusion_builder_column_1_1 1_1 fusion-one-full fusion-column-first fusion-column-last fusion-column-no-min-height\" style=\"--awb-bg-size:cover;--awb-margin-bottom:0px;\"><div class=\"fusion-column-wrapper fusion-flex-column-wrapper-legacy\"><style type=\"text\/css\">.fusion-portfolio-wrapper#fusion-portfolio-1 .fusion-portfolio-content{  text-align: left; }<\/style><div class=\"fusion-recent-works fusion-portfolio-element fusion-portfolio fusion-portfolio-1 fusion-portfolio-grid fusion-portfolio-paging-load-more-button fusion-portfolio-two fusion-portfolio-unboxed fusion-portfolio-text\" data-id=\"-rw-1\" data-columns=\"two\"><style type=\"text\/css\">.fusion-portfolio-1 .fusion-portfolio-wrapper .fusion-col-spacing{padding:6px;}<\/style><div class=\"fusion-portfolio-wrapper\" id=\"fusion-portfolio-1\" data-picturesize=\"fixed\" data-pages=\"1\" style=\"margin:-6px;\"><article id=\"portfolio-1-post-6759\" class=\"fusion-portfolio-post films our-production fusion-col-spacing post-6759\"><div class=\"fusion-portfolio-content-wrapper\" style=\"border:none;\"><span class=\"vcard rich-snippet-hidden\"><span class=\"fn\"><a href=\"https:\/\/www.forfilm.sk\/en\/author\/barbarahessova\/\" title=\"Posts by Barabara Hessov\u00e1\" rel=\"author\">Barabara Hessov\u00e1<\/a><\/span><\/span><span class=\"updated rich-snippet-hidden\">2024-02-12T21:24:34+02:00<\/span><div  class=\"fusion-image-wrapper fusion-image-size-fixed\" aria-haspopup=\"true\">\n\t\t\t\t\t\t\t<a href=\"https:\/\/www.forfilm.sk\/en\/projekt\/emilia\/?portfolioCats=17%2C19%2C36\" aria-label=\"EM\u00cdLIA\">\n\t\t\t\t\t\t\t<img decoding=\"async\" width=\"460\" height=\"295\" src=\"https:\/\/www.forfilm.sk\/wp-content\/uploads\/2023\/11\/EMILIA_960x540-460x295.jpg\" class=\"attachment-portfolio-two size-portfolio-two wp-post-image\" alt=\"\" \/>\t\t\t<\/a>\n\t\t\t\t\t\t\t<\/div>\n<div class=\"fusion-portfolio-content\"><h2 class=\"entry-title fusion-post-title\"><a href=\"https:\/\/www.forfilm.sk\/en\/projekt\/emilia\/?portfolioCats=17%2C19%2C36\">EM\u00cdLIA<\/a><\/h2><div class=\"fusion-portfolio-meta\"><a href=\"https:\/\/www.forfilm.sk\/en\/portfolio_category\/films\/\" rel=\"tag\">Films<\/a>, <a href=\"https:\/\/www.forfilm.sk\/en\/portfolio_category\/our-production\/\" rel=\"tag\">Our production<\/a><\/div><div class=\"fusion-post-content\"><p>     You thought you knew everything about her... Prominent Slovak film, television and theatre actress Em\u00edlia V\u00e1\u0161\u00e1ryov\u00e1... We know her face from the covers of newspapers,  [...]<\/p><\/div><\/div><\/div><\/article><article id=\"portfolio-1-post-6562\" class=\"fusion-portfolio-post films our-production fusion-col-spacing post-6562\"><div class=\"fusion-portfolio-content-wrapper\" style=\"border:none;\"><span class=\"vcard rich-snippet-hidden\"><span class=\"fn\"><a href=\"https:\/\/www.forfilm.sk\/en\/author\/barbarahessova\/\" title=\"Posts by Barabara Hessov\u00e1\" rel=\"author\">Barabara Hessov\u00e1<\/a><\/span><\/span><span class=\"updated rich-snippet-hidden\">2024-02-12T21:24:56+02:00<\/span><div  class=\"fusion-image-wrapper fusion-image-size-fixed\" aria-haspopup=\"true\">\n\t\t\t\t\t\t\t<a href=\"https:\/\/www.forfilm.sk\/en\/projekt\/unknown-fear\/?portfolioCats=17%2C19%2C36\" aria-label=\"UNKNOWN FEAR\">\n\t\t\t\t\t\t\t<img decoding=\"async\" width=\"460\" height=\"295\" src=\"https:\/\/www.forfilm.sk\/wp-content\/uploads\/2023\/11\/Neznamy_strach_plagat_web-460x295.jpg\" class=\"attachment-portfolio-two size-portfolio-two wp-post-image\" alt=\"\" \/>\t\t\t<\/a>\n\t\t\t\t\t\t\t<\/div>\n<div class=\"fusion-portfolio-content\"><h2 class=\"entry-title fusion-post-title\"><a href=\"https:\/\/www.forfilm.sk\/en\/projekt\/unknown-fear\/?portfolioCats=17%2C19%2C36\">UNKNOWN FEAR<\/a><\/h2><div class=\"fusion-portfolio-meta\"><a href=\"https:\/\/www.forfilm.sk\/en\/portfolio_category\/films\/\" rel=\"tag\">Films<\/a>, <a href=\"https:\/\/www.forfilm.sk\/en\/portfolio_category\/our-production\/\" rel=\"tag\">Our production<\/a><\/div><div class=\"fusion-post-content\"><p>Society critical documentary film about past and present forms of pandemics. Based on historical context, the film focuses primarily on our contemporary society. Selected relevant experts, top scientists from various  [...]<\/p><\/div><\/div><\/div><\/article><article id=\"portfolio-1-post-4433\" class=\"fusion-portfolio-post films our-production fusion-col-spacing post-4433\"><div class=\"fusion-portfolio-content-wrapper\" style=\"border:none;\"><span class=\"vcard rich-snippet-hidden\"><span class=\"fn\"><a href=\"https:\/\/www.forfilm.sk\/en\/author\/peterharum\/\" title=\"Posts by Peter Harum\" rel=\"author\">Peter Harum<\/a><\/span><\/span><span class=\"updated rich-snippet-hidden\">2023-11-22T11:59:31+02:00<\/span><div  class=\"fusion-image-wrapper fusion-image-size-fixed\" aria-haspopup=\"true\">\n\t\t\t\t\t\t\t<a href=\"https:\/\/www.forfilm.sk\/en\/projekt\/flooded\/?portfolioCats=17%2C19%2C36\" aria-label=\"Flooded\">\n\t\t\t\t\t\t\t<img decoding=\"async\" width=\"460\" height=\"295\" src=\"https:\/\/www.forfilm.sk\/wp-content\/uploads\/2017\/06\/zatopene-web-en-460x295.jpg\" class=\"attachment-portfolio-two size-portfolio-two wp-post-image\" alt=\"\" srcset=\"https:\/\/www.forfilm.sk\/wp-content\/uploads\/2017\/06\/zatopene-web-en-460x295.jpg 460w, https:\/\/www.forfilm.sk\/wp-content\/uploads\/2017\/06\/zatopene-web-en-460x295@2x.jpg 920w\" sizes=\"(max-width: 460px) 100vw, 460px\" \/>\t\t\t<\/a>\n\t\t\t\t\t\t\t<\/div>\n<div class=\"fusion-portfolio-content\"><h2 class=\"entry-title fusion-post-title\"><a href=\"https:\/\/www.forfilm.sk\/en\/projekt\/flooded\/?portfolioCats=17%2C19%2C36\">Flooded<\/a><\/h2><div class=\"fusion-portfolio-meta\"><a href=\"https:\/\/www.forfilm.sk\/en\/portfolio_category\/films\/\" rel=\"tag\">Films<\/a>, <a href=\"https:\/\/www.forfilm.sk\/en\/portfolio_category\/our-production\/\" rel=\"tag\">Our production<\/a><\/div><div class=\"fusion-post-content\"><p>   Flooded is an anthropological documentary film about a building and the fates connected to it. The mansion in Parizovce was a family residence, home, property, center of  [...]<\/p><\/div><\/div><\/div><\/article><article id=\"portfolio-1-post-6245\" class=\"fusion-portfolio-post films our-production fusion-col-spacing post-6245\"><div class=\"fusion-portfolio-content-wrapper\" style=\"border:none;\"><span class=\"vcard rich-snippet-hidden\"><span class=\"fn\"><a href=\"https:\/\/www.forfilm.sk\/en\/author\/peterharum\/\" title=\"Posts by Peter Harum\" rel=\"author\">Peter Harum<\/a><\/span><\/span><span class=\"updated rich-snippet-hidden\">2023-11-22T11:49:32+02:00<\/span><div  class=\"fusion-image-wrapper fusion-image-size-fixed\" aria-haspopup=\"true\">\n\t\t\t\t\t\t\t<a href=\"https:\/\/www.forfilm.sk\/en\/projekt\/parlika-2\/?portfolioCats=17%2C19%2C36\" aria-label=\"Parlika\">\n\t\t\t\t\t\t\t<img decoding=\"async\" width=\"460\" height=\"295\" src=\"https:\/\/www.forfilm.sk\/wp-content\/uploads\/2016\/09\/suraya-parlika-plagat-web-EN-460x295.jpg\" class=\"attachment-portfolio-two size-portfolio-two wp-post-image\" alt=\"\" \/>\t\t\t<\/a>\n\t\t\t\t\t\t\t<\/div>\n<div class=\"fusion-portfolio-content\"><h2 class=\"entry-title fusion-post-title\"><a href=\"https:\/\/www.forfilm.sk\/en\/projekt\/parlika-2\/?portfolioCats=17%2C19%2C36\">Parlika<\/a><\/h2><div class=\"fusion-portfolio-meta\"><a href=\"https:\/\/www.forfilm.sk\/en\/portfolio_category\/films\/\" rel=\"tag\">Films<\/a>, <a href=\"https:\/\/www.forfilm.sk\/en\/portfolio_category\/our-production\/\" rel=\"tag\">Our production<\/a><\/div><div class=\"fusion-post-content\"><p>     The documentary examines the status of women during the transformation of Afghanistan from a totalitatian Taliban theocracy to a democratic country. It tells a stroy  [...]<\/p><\/div><\/div><\/div><\/article><article id=\"portfolio-1-post-1746\" class=\"fusion-portfolio-post films our-production fusion-col-spacing post-1746\"><div class=\"fusion-portfolio-content-wrapper\" style=\"border:none;\"><span class=\"vcard rich-snippet-hidden\"><span class=\"fn\"><a href=\"https:\/\/www.forfilm.sk\/en\/author\/peterharum\/\" title=\"Posts by Peter Harum\" rel=\"author\">Peter Harum<\/a><\/span><\/span><span class=\"updated rich-snippet-hidden\">2023-11-15T16:15:00+02:00<\/span><div  class=\"fusion-image-wrapper fusion-image-size-fixed\" aria-haspopup=\"true\">\n\t\t\t\t\t\t\t<a href=\"https:\/\/www.forfilm.sk\/en\/projekt\/comeback\/?portfolioCats=17%2C19%2C36\" aria-label=\"Comeback\">\n\t\t\t\t\t\t\t<img decoding=\"async\" width=\"460\" height=\"295\" src=\"https:\/\/www.forfilm.sk\/wp-content\/uploads\/2014\/03\/COMEBACK-naweb4-460x295.png\" class=\"attachment-portfolio-two size-portfolio-two wp-post-image\" alt=\"\" srcset=\"https:\/\/www.forfilm.sk\/wp-content\/uploads\/2014\/03\/COMEBACK-naweb4-460x295.png 460w, https:\/\/www.forfilm.sk\/wp-content\/uploads\/2014\/03\/COMEBACK-naweb4-460x295@2x.png 920w\" sizes=\"(max-width: 460px) 100vw, 460px\" \/>\t\t\t<\/a>\n\t\t\t\t\t\t\t<\/div>\n<div class=\"fusion-portfolio-content\"><h2 class=\"entry-title fusion-post-title\"><a href=\"https:\/\/www.forfilm.sk\/en\/projekt\/comeback\/?portfolioCats=17%2C19%2C36\">Comeback<\/a><\/h2><div class=\"fusion-portfolio-meta\"><a href=\"https:\/\/www.forfilm.sk\/en\/portfolio_category\/films\/\" rel=\"tag\">Films<\/a>, <a href=\"https:\/\/www.forfilm.sk\/en\/portfolio_category\/our-production\/\" rel=\"tag\">Our production<\/a><\/div><div class=\"fusion-post-content\"><p>    Logline Coming out of the prison two recidivists evaluate their past and look into the future outside of jail. Once out, they fight with the reality  [...]<\/p><\/div><\/div><\/div><\/article><article id=\"portfolio-1-post-1829\" class=\"fusion-portfolio-post our-production films fusion-col-spacing post-1829\"><div class=\"fusion-portfolio-content-wrapper\" style=\"border:none;\"><span class=\"vcard rich-snippet-hidden\"><span class=\"fn\"><a href=\"https:\/\/www.forfilm.sk\/en\/author\/peterharum\/\" title=\"Posts by Peter Harum\" rel=\"author\">Peter Harum<\/a><\/span><\/span><span class=\"updated rich-snippet-hidden\">2023-11-22T11:47:46+02:00<\/span><div  class=\"fusion-image-wrapper fusion-image-size-fixed\" aria-haspopup=\"true\">\n\t\t\t\t\t\t\t<a href=\"https:\/\/www.forfilm.sk\/en\/projekt\/stanko\/?portfolioCats=17%2C19%2C36\" aria-label=\"Stanko\">\n\t\t\t\t\t\t\t<img decoding=\"async\" width=\"460\" height=\"295\" src=\"https:\/\/www.forfilm.sk\/wp-content\/uploads\/2014\/02\/stanko-web-ah-en-460x295.jpg\" class=\"attachment-portfolio-two size-portfolio-two wp-post-image\" alt=\"poster for web - film Stanko, movie\" srcset=\"https:\/\/www.forfilm.sk\/wp-content\/uploads\/2014\/02\/stanko-web-ah-en-460x295.jpg 460w, https:\/\/www.forfilm.sk\/wp-content\/uploads\/2014\/02\/stanko-web-ah-en-460x295@2x.jpg 920w\" sizes=\"(max-width: 460px) 100vw, 460px\" \/>\t\t\t<\/a>\n\t\t\t\t\t\t\t<\/div>\n<div class=\"fusion-portfolio-content\"><h2 class=\"entry-title fusion-post-title\"><a href=\"https:\/\/www.forfilm.sk\/en\/projekt\/stanko\/?portfolioCats=17%2C19%2C36\">Stanko<\/a><\/h2><div class=\"fusion-portfolio-meta\"><a href=\"https:\/\/www.forfilm.sk\/en\/portfolio_category\/our-production\/\" rel=\"tag\">Our production<\/a>, <a href=\"https:\/\/www.forfilm.sk\/en\/portfolio_category\/films\/\" rel=\"tag\">Films<\/a><\/div><div class=\"fusion-post-content\"><p>    Stanko, a loser, gets his last chance to fulfill a task. The movie deals with the theme of girls trafficking, but tells at first of friendship  [...]<\/p><\/div><\/div><\/div><\/article><article id=\"portfolio-1-post-1832\" class=\"fusion-portfolio-post films our-production fusion-col-spacing post-1832\"><div class=\"fusion-portfolio-content-wrapper\" style=\"border:none;\"><span class=\"vcard rich-snippet-hidden\"><span class=\"fn\"><a href=\"https:\/\/www.forfilm.sk\/en\/author\/peterharum\/\" title=\"Posts by Peter Harum\" rel=\"author\">Peter Harum<\/a><\/span><\/span><span class=\"updated rich-snippet-hidden\">2023-11-22T11:37:32+02:00<\/span><div  class=\"fusion-image-wrapper fusion-image-size-fixed\" aria-haspopup=\"true\">\n\t\t\t\t\t\t\t<a href=\"https:\/\/www.forfilm.sk\/en\/projekt\/tak-daleko-tak-blizko\/?portfolioCats=17%2C19%2C36\" aria-label=\"So Far, So Near\">\n\t\t\t\t\t\t\t<img decoding=\"async\" width=\"460\" height=\"295\" src=\"https:\/\/www.forfilm.sk\/wp-content\/uploads\/2014\/02\/takdalekotakblizko-web-ah-EN-1-460x295.jpg\" class=\"attachment-portfolio-two size-portfolio-two wp-post-image\" alt=\"\" \/>\t\t\t<\/a>\n\t\t\t\t\t\t\t<\/div>\n<div class=\"fusion-portfolio-content\"><h2 class=\"entry-title fusion-post-title\"><a href=\"https:\/\/www.forfilm.sk\/en\/projekt\/tak-daleko-tak-blizko\/?portfolioCats=17%2C19%2C36\">So Far, So Near<\/a><\/h2><div class=\"fusion-portfolio-meta\"><a href=\"https:\/\/www.forfilm.sk\/en\/portfolio_category\/films\/\" rel=\"tag\">Films<\/a>, <a href=\"https:\/\/www.forfilm.sk\/en\/portfolio_category\/our-production\/\" rel=\"tag\">Our production<\/a><\/div><div class=\"fusion-post-content\"><p>     The film contemplates the coexistence of autistic children with their parents. It strives to find new ways of looking at this serious disorder of the  [...]<\/p><\/div><\/div><\/div><\/article><article id=\"portfolio-1-post-1835\" class=\"fusion-portfolio-post films our-production fusion-col-spacing post-1835\"><div class=\"fusion-portfolio-content-wrapper\" style=\"border:none;\"><span class=\"vcard rich-snippet-hidden\"><span class=\"fn\"><a href=\"https:\/\/www.forfilm.sk\/en\/author\/peterharum\/\" title=\"Posts by Peter Harum\" rel=\"author\">Peter Harum<\/a><\/span><\/span><span class=\"updated rich-snippet-hidden\">2023-11-15T16:20:43+02:00<\/span><div  class=\"fusion-image-wrapper fusion-image-size-fixed\" aria-haspopup=\"true\">\n\t\t\t\t\t\t\t<a href=\"https:\/\/www.forfilm.sk\/en\/projekt\/sud-ma-a-skusaj\/?portfolioCats=17%2C19%2C36\" aria-label=\"S\u00fa\u010f ma a sk\u00fa\u0161aj\">\n\t\t\t\t\t\t\t<img decoding=\"async\" width=\"460\" height=\"295\" src=\"https:\/\/www.forfilm.sk\/wp-content\/uploads\/2013\/04\/sudm-ma-web1-460x295.jpg\" class=\"attachment-portfolio-two size-portfolio-two wp-post-image\" alt=\"\" srcset=\"https:\/\/www.forfilm.sk\/wp-content\/uploads\/2013\/04\/sudm-ma-web1-460x295.jpg 460w, https:\/\/www.forfilm.sk\/wp-content\/uploads\/2013\/04\/sudm-ma-web1-460x295@2x.jpg 920w\" sizes=\"(max-width: 460px) 100vw, 460px\" \/>\t\t\t<\/a>\n\t\t\t\t\t\t\t<\/div>\n<div class=\"fusion-portfolio-content\"><h2 class=\"entry-title fusion-post-title\"><a href=\"https:\/\/www.forfilm.sk\/en\/projekt\/sud-ma-a-skusaj\/?portfolioCats=17%2C19%2C36\">S\u00fa\u010f ma a sk\u00fa\u0161aj<\/a><\/h2><div class=\"fusion-portfolio-meta\"><a href=\"https:\/\/www.forfilm.sk\/en\/portfolio_category\/films\/\" rel=\"tag\">Films<\/a>, <a href=\"https:\/\/www.forfilm.sk\/en\/portfolio_category\/our-production\/\" rel=\"tag\">Our production<\/a><\/div><div class=\"fusion-post-content\"><p>    Life in Church in 1950\u015b in Czechoslovakia was marked by persecution. Liquidation of women religious orders was carried out under the name \u201cAction R\u201d and was  [...]<\/p><\/div><\/div><\/div><\/article><article id=\"portfolio-1-post-1834\" class=\"fusion-portfolio-post films our-production fusion-col-spacing post-1834\"><div class=\"fusion-portfolio-content-wrapper\" style=\"border:none;\"><span class=\"vcard rich-snippet-hidden\"><span class=\"fn\"><a href=\"https:\/\/www.forfilm.sk\/en\/author\/peterharum\/\" title=\"Posts by Peter Harum\" rel=\"author\">Peter Harum<\/a><\/span><\/span><span class=\"updated rich-snippet-hidden\">2023-11-22T12:01:09+02:00<\/span><div  class=\"fusion-image-wrapper fusion-image-size-fixed\" aria-haspopup=\"true\">\n\t\t\t\t\t\t\t<a href=\"https:\/\/www.forfilm.sk\/en\/projekt\/zdenka\/?portfolioCats=17%2C19%2C36\" aria-label=\"Zdenka\">\n\t\t\t\t\t\t\t<img decoding=\"async\" width=\"460\" height=\"295\" src=\"https:\/\/www.forfilm.sk\/wp-content\/uploads\/2014\/02\/zdenka-web-460x295.jpg\" class=\"attachment-portfolio-two size-portfolio-two wp-post-image\" alt=\"\" srcset=\"https:\/\/www.forfilm.sk\/wp-content\/uploads\/2014\/02\/zdenka-web-460x295.jpg 460w, https:\/\/www.forfilm.sk\/wp-content\/uploads\/2014\/02\/zdenka-web-460x295@2x.jpg 920w\" sizes=\"(max-width: 460px) 100vw, 460px\" \/>\t\t\t<\/a>\n\t\t\t\t\t\t\t<\/div>\n<div class=\"fusion-portfolio-content\"><h2 class=\"entry-title fusion-post-title\"><a href=\"https:\/\/www.forfilm.sk\/en\/projekt\/zdenka\/?portfolioCats=17%2C19%2C36\">Zdenka<\/a><\/h2><div class=\"fusion-portfolio-meta\"><a href=\"https:\/\/www.forfilm.sk\/en\/portfolio_category\/films\/\" rel=\"tag\">Films<\/a>, <a href=\"https:\/\/www.forfilm.sk\/en\/portfolio_category\/our-production\/\" rel=\"tag\">Our production<\/a><\/div><div class=\"fusion-post-content\"><p>     This documentary film is about the life of a spiritual figure, the nun Zdenka Schelinger, who became a victim of the regime. When she organized  [...]<\/p><\/div><\/div><\/div><\/article><\/div><\/div><div class=\"fusion-clearfix\"><\/div><\/div><\/div><\/div><\/div>\n","protected":false},"excerpt":{"rendered":"","protected":false},"author":2,"featured_media":0,"parent":65,"menu_order":0,"comment_status":"open","ping_status":"open","template":"","meta":{"_bbp_topic_count":0,"_bbp_reply_count":0,"_bbp_total_topic_count":0,"_bbp_total_reply_count":0,"_bbp_voice_count":0,"_bbp_anonymous_reply_count":0,"_bbp_topic_count_hidden":0,"_bbp_reply_count_hidden":0,"_bbp_forum_subforum_count":0,"footnotes":""},"class_list":["post-1766","page","type-page","status-publish","hentry"],"yoast_head":"<!-- This site is optimized with the Yoast SEO plugin v27.4 - https:\/\/yoast.com\/product\/yoast-seo-wordpress\/ -->\n<title>For film s.r.o. - z na\u0161ej produkcie<\/title>\n<meta name=\"description\" content=\"Vyv\u00edjame a produkujeme nieko\u013eko celove\u010dern\u00fdch hran\u00fdch a dokument\u00e1rnych filmov, spolupracujeme pri v\u00fdrobe viacer\u00fdch telev\u00edznych rel\u00e1ci\u00ed.\" \/>\n<meta name=\"robots\" content=\"index, follow, max-snippet:-1, max-image-preview:large, max-video-preview:-1\" \/>\n<link rel=\"canonical\" href=\"https:\/\/www.forfilm.sk\/en\/projects\/our-production\/\" \/>\n<meta property=\"og:locale\" content=\"en_US\" \/>\n<meta property=\"og:type\" content=\"article\" \/>\n<meta property=\"og:title\" content=\"For film s.r.o. - z na\u0161ej produkcie\" \/>\n<meta property=\"og:description\" content=\"Vyv\u00edjame a produkujeme nieko\u013eko celove\u010dern\u00fdch hran\u00fdch a dokument\u00e1rnych filmov, spolupracujeme pri v\u00fdrobe viacer\u00fdch telev\u00edznych rel\u00e1ci\u00ed.\" \/>\n<meta property=\"og:url\" content=\"https:\/\/www.forfilm.sk\/en\/projects\/our-production\/\" \/>\n<meta property=\"og:site_name\" content=\"For Film s.r.o.\" \/>\n<meta property=\"article:modified_time\" content=\"2023-02-02T11:22:42+00:00\" \/>\n<meta name=\"twitter:label1\" content=\"Est. reading time\" \/>\n\t<meta name=\"twitter:data1\" content=\"1 minute\" \/>\n<script type=\"application\/ld+json\" class=\"yoast-schema-graph\">{\"@context\":\"https:\\\/\\\/schema.org\",\"@graph\":[{\"@type\":\"WebPage\",\"@id\":\"https:\\\/\\\/www.forfilm.sk\\\/en\\\/projects\\\/our-production\\\/\",\"url\":\"https:\\\/\\\/www.forfilm.sk\\\/en\\\/projects\\\/our-production\\\/\",\"name\":\"For film s.r.o. - z na\u0161ej produkcie\",\"isPartOf\":{\"@id\":\"https:\\\/\\\/www.forfilm.sk\\\/#website\"},\"datePublished\":\"2014-02-24T13:23:42+00:00\",\"dateModified\":\"2023-02-02T11:22:42+00:00\",\"description\":\"Vyv\u00edjame a produkujeme nieko\u013eko celove\u010dern\u00fdch hran\u00fdch a dokument\u00e1rnych filmov, spolupracujeme pri v\u00fdrobe viacer\u00fdch telev\u00edznych rel\u00e1ci\u00ed.\",\"breadcrumb\":{\"@id\":\"https:\\\/\\\/www.forfilm.sk\\\/en\\\/projects\\\/our-production\\\/#breadcrumb\"},\"inLanguage\":\"en-US\",\"potentialAction\":[{\"@type\":\"ReadAction\",\"target\":[\"https:\\\/\\\/www.forfilm.sk\\\/en\\\/projects\\\/our-production\\\/\"]}]},{\"@type\":\"BreadcrumbList\",\"@id\":\"https:\\\/\\\/www.forfilm.sk\\\/en\\\/projects\\\/our-production\\\/#breadcrumb\",\"itemListElement\":[{\"@type\":\"ListItem\",\"position\":1,\"name\":\"Home\",\"item\":\"https:\\\/\\\/www.forfilm.sk\\\/en\\\/\"},{\"@type\":\"ListItem\",\"position\":2,\"name\":\"Projects\",\"item\":\"https:\\\/\\\/www.forfilm.sk\\\/en\\\/projects\\\/\"},{\"@type\":\"ListItem\",\"position\":3,\"name\":\"Our production\"}]},{\"@type\":\"WebSite\",\"@id\":\"https:\\\/\\\/www.forfilm.sk\\\/#website\",\"url\":\"https:\\\/\\\/www.forfilm.sk\\\/\",\"name\":\"For Film s.r.o.\",\"description\":\"M\u00e1me radi film\",\"potentialAction\":[{\"@type\":\"SearchAction\",\"target\":{\"@type\":\"EntryPoint\",\"urlTemplate\":\"https:\\\/\\\/www.forfilm.sk\\\/?s={search_term_string}\"},\"query-input\":{\"@type\":\"PropertyValueSpecification\",\"valueRequired\":true,\"valueName\":\"search_term_string\"}}],\"inLanguage\":\"en-US\"}]}<\/script>\n<!-- \/ Yoast SEO plugin. -->","yoast_head_json":{"title":"For film s.r.o. - z na\u0161ej produkcie","description":"Vyv\u00edjame a produkujeme nieko\u013eko celove\u010dern\u00fdch hran\u00fdch a dokument\u00e1rnych filmov, spolupracujeme pri v\u00fdrobe viacer\u00fdch telev\u00edznych rel\u00e1ci\u00ed.","robots":{"index":"index","follow":"follow","max-snippet":"max-snippet:-1","max-image-preview":"max-image-preview:large","max-video-preview":"max-video-preview:-1"},"canonical":"https:\/\/www.forfilm.sk\/en\/projects\/our-production\/","og_locale":"en_US","og_type":"article","og_title":"For film s.r.o. - z na\u0161ej produkcie","og_description":"Vyv\u00edjame a produkujeme nieko\u013eko celove\u010dern\u00fdch hran\u00fdch a dokument\u00e1rnych filmov, spolupracujeme pri v\u00fdrobe viacer\u00fdch telev\u00edznych rel\u00e1ci\u00ed.","og_url":"https:\/\/www.forfilm.sk\/en\/projects\/our-production\/","og_site_name":"For Film s.r.o.","article_modified_time":"2023-02-02T11:22:42+00:00","twitter_misc":{"Est. reading time":"1 minute"},"schema":{"@context":"https:\/\/schema.org","@graph":[{"@type":"WebPage","@id":"https:\/\/www.forfilm.sk\/en\/projects\/our-production\/","url":"https:\/\/www.forfilm.sk\/en\/projects\/our-production\/","name":"For film s.r.o. - z na\u0161ej produkcie","isPartOf":{"@id":"https:\/\/www.forfilm.sk\/#website"},"datePublished":"2014-02-24T13:23:42+00:00","dateModified":"2023-02-02T11:22:42+00:00","description":"Vyv\u00edjame a produkujeme nieko\u013eko celove\u010dern\u00fdch hran\u00fdch a dokument\u00e1rnych filmov, spolupracujeme pri v\u00fdrobe viacer\u00fdch telev\u00edznych rel\u00e1ci\u00ed.","breadcrumb":{"@id":"https:\/\/www.forfilm.sk\/en\/projects\/our-production\/#breadcrumb"},"inLanguage":"en-US","potentialAction":[{"@type":"ReadAction","target":["https:\/\/www.forfilm.sk\/en\/projects\/our-production\/"]}]},{"@type":"BreadcrumbList","@id":"https:\/\/www.forfilm.sk\/en\/projects\/our-production\/#breadcrumb","itemListElement":[{"@type":"ListItem","position":1,"name":"Home","item":"https:\/\/www.forfilm.sk\/en\/"},{"@type":"ListItem","position":2,"name":"Projects","item":"https:\/\/www.forfilm.sk\/en\/projects\/"},{"@type":"ListItem","position":3,"name":"Our production"}]},{"@type":"WebSite","@id":"https:\/\/www.forfilm.sk\/#website","url":"https:\/\/www.forfilm.sk\/","name":"For Film s.r.o.","description":"M\u00e1me radi film","potentialAction":[{"@type":"SearchAction","target":{"@type":"EntryPoint","urlTemplate":"https:\/\/www.forfilm.sk\/?s={search_term_string}"},"query-input":{"@type":"PropertyValueSpecification","valueRequired":true,"valueName":"search_term_string"}}],"inLanguage":"en-US"}]}},"_links":{"self":[{"href":"https:\/\/www.forfilm.sk\/en\/wp-json\/wp\/v2\/pages\/1766","targetHints":{"allow":["GET"]}}],"collection":[{"href":"https:\/\/www.forfilm.sk\/en\/wp-json\/wp\/v2\/pages"}],"about":[{"href":"https:\/\/www.forfilm.sk\/en\/wp-json\/wp\/v2\/types\/page"}],"author":[{"embeddable":true,"href":"https:\/\/www.forfilm.sk\/en\/wp-json\/wp\/v2\/users\/2"}],"replies":[{"embeddable":true,"href":"https:\/\/www.forfilm.sk\/en\/wp-json\/wp\/v2\/comments?post=1766"}],"version-history":[{"count":1,"href":"https:\/\/www.forfilm.sk\/en\/wp-json\/wp\/v2\/pages\/1766\/revisions"}],"predecessor-version":[{"id":5839,"href":"https:\/\/www.forfilm.sk\/en\/wp-json\/wp\/v2\/pages\/1766\/revisions\/5839"}],"up":[{"embeddable":true,"href":"https:\/\/www.forfilm.sk\/en\/wp-json\/wp\/v2\/pages\/65"}],"wp:attachment":[{"href":"https:\/\/www.forfilm.sk\/en\/wp-json\/wp\/v2\/media?parent=1766"}],"curies":[{"name":"wp","href":"https:\/\/api.w.org\/{rel}","templated":true}]}}